{"id":28,"date":"2018-07-16T10:08:11","date_gmt":"2018-07-16T10:08:11","guid":{"rendered":"http:\/\/demo.acmethemes.com\/lawyer-zone\/?page_id=28"},"modified":"2022-02-02T16:41:57","modified_gmt":"2022-02-02T16:41:57","slug":"experiencia","status":"publish","type":"page","link":"https:\/\/odrochaematos.com.br\/site\/index.php\/experiencia\/","title":{"rendered":"Experi\u00eancia"},"content":{"rendered":"<p style=\"text-align: justify;\">Advogados especializados, possuindo vasta experi\u00eancia na esfera trabalhista patronal, contratual e no \u00e2mbito c\u00edvel.<\/p>\n","protected":false},"excerpt":{"rendered":"<p>Advogados especializados, possuindo vasta experi\u00eancia na esfera trabalhista patronal, contratual e no \u00e2mbito c\u00edvel.<br \/>\n&nbsp;<br \/>\n&nbsp;<br \/>\n&nbsp;<\/p>\n","protected":false},"author":1,"featured_media":0,"parent":0,"menu_order":0,"comment_status":"closed","ping_status":"closed","template":"","meta":{"footnotes":""},"class_list":["post-28","page","type-page","status-publish","hentry"],"_links":{"self":[{"href":"https:\/\/odrochaematos.com.br\/site\/index.php\/wp-json\/wp\/v2\/pages\/28","targetHints":{"allow":["GET"]}}],"collection":[{"href":"https:\/\/odrochaematos.com.br\/site\/index.php\/wp-json\/wp\/v2\/pages"}],"about":[{"href":"https:\/\/odrochaematos.com.br\/site\/index.php\/wp-json\/wp\/v2\/types\/page"}],"author":[{"embeddable":true,"href":"https:\/\/odrochaematos.com.br\/site\/index.php\/wp-json\/wp\/v2\/users\/1"}],"replies":[{"embeddable":true,"href":"https:\/\/odrochaematos.com.br\/site\/index.php\/wp-json\/wp\/v2\/comments?post=28"}],"version-history":[{"count":8,"href":"https:\/\/odrochaematos.com.br\/site\/index.php\/wp-json\/wp\/v2\/pages\/28\/revisions"}],"predecessor-version":[{"id":434,"href":"https:\/\/odrochaematos.com.br\/site\/index.php\/wp-json\/wp\/v2\/pages\/28\/revisions\/434"}],"wp:attachment":[{"href":"https:\/\/odrochaematos.com.br\/site\/index.php\/wp-json\/wp\/v2\/media?parent=28"}],"curies":[{"name":"wp","href":"https:\/\/api.w.org\/{rel}","templated":true}]}}