{"id":32,"date":"2018-07-16T10:09:08","date_gmt":"2018-07-16T10:09:08","guid":{"rendered":"http:\/\/demo.acmethemes.com\/lawyer-zone\/?page_id=32"},"modified":"2020-02-05T17:56:04","modified_gmt":"2020-02-05T17:56:04","slug":"protecao","status":"publish","type":"page","link":"https:\/\/odrochaematos.com.br\/site\/index.php\/protecao\/","title":{"rendered":"Prote\u00e7\u00e3o"},"content":{"rendered":"<p>Fornecemos suporte t\u00e9cnico na forma preventiva e contenciosa nas esferas judiciais, extrajudiciais e administrativas, com \u00eanfase nas garantias legais, objetivando a prote\u00e7\u00e3o dos direitos com compromisso e excel\u00eancia na \u00e1rea jur\u00eddica.<\/p>\n","protected":false},"excerpt":{"rendered":"<p>Fornecemos suporte t\u00e9cnico na forma preventiva e contenciosa nas esferas judiciais, extrajudiciais e administrativas, com \u00eanfase nas garantias legais, objetivando a prote\u00e7\u00e3o dos direitos com compromisso e excel\u00eancia na \u00e1rea jur\u00eddica.<br \/>\n&nbsp;<\/p>\n","protected":false},"author":1,"featured_media":0,"parent":0,"menu_order":0,"comment_status":"closed","ping_status":"closed","template":"","meta":{"footnotes":""},"class_list":["post-32","page","type-page","status-publish","hentry"],"_links":{"self":[{"href":"https:\/\/odrochaematos.com.br\/site\/index.php\/wp-json\/wp\/v2\/pages\/32","targetHints":{"allow":["GET"]}}],"collection":[{"href":"https:\/\/odrochaematos.com.br\/site\/index.php\/wp-json\/wp\/v2\/pages"}],"about":[{"href":"https:\/\/odrochaematos.com.br\/site\/index.php\/wp-json\/wp\/v2\/types\/page"}],"author":[{"embeddable":true,"href":"https:\/\/odrochaematos.com.br\/site\/index.php\/wp-json\/wp\/v2\/users\/1"}],"replies":[{"embeddable":true,"href":"https:\/\/odrochaematos.com.br\/site\/index.php\/wp-json\/wp\/v2\/comments?post=32"}],"version-history":[{"count":4,"href":"https:\/\/odrochaematos.com.br\/site\/index.php\/wp-json\/wp\/v2\/pages\/32\/revisions"}],"predecessor-version":[{"id":319,"href":"https:\/\/odrochaematos.com.br\/site\/index.php\/wp-json\/wp\/v2\/pages\/32\/revisions\/319"}],"wp:attachment":[{"href":"https:\/\/odrochaematos.com.br\/site\/index.php\/wp-json\/wp\/v2\/media?parent=32"}],"curies":[{"name":"wp","href":"https:\/\/api.w.org\/{rel}","templated":true}]}}