{"id":34,"date":"2018-07-16T10:09:45","date_gmt":"2018-07-16T10:09:45","guid":{"rendered":"http:\/\/demo.acmethemes.com\/lawyer-zone\/?page_id=34"},"modified":"2022-02-02T16:28:18","modified_gmt":"2022-02-02T16:28:18","slug":"auto-crash","status":"publish","type":"page","link":"https:\/\/odrochaematos.com.br\/site\/index.php\/auto-crash\/","title":{"rendered":"C\u00edvel"},"content":{"rendered":"<ul>\n<li>Elabora\u00e7\u00e3o de contratos de todas as esp\u00e9cies;<\/li>\n<li>Atua\u00e7\u00e3o em contencioso de massa empresarial;<\/li>\n<li>Representa\u00e7\u00e3o empresarial em esferas administrativas;<\/li>\n<li>Elabora\u00e7\u00e3o de pareceres e orienta\u00e7\u00e3o empresarial;<\/li>\n<li><em>Compliance<\/em>;<\/li>\n<li>Implementa\u00e7\u00e3o, revis\u00e3o e\/ou consultoria de LGPD;<\/li>\n<li>Assessoria focada no preventivo;<\/li>\n<li>Responsabilidade civil;<\/li>\n<li>Rela\u00e7\u00e3o de consumo;<\/li>\n<li>Cobran\u00e7a de inadimplente, recupera\u00e7\u00e3o de cr\u00e9dito e cumprimento de obriga\u00e7\u00e3o<\/li>\n<li>Elabora\u00e7\u00e3o de contratos sociais e estatutos;<\/li>\n<li>Concilia\u00e7\u00e3o e arbitragem;<\/li>\n<li>Assessoria na rela\u00e7\u00e3o entre s\u00f3cios;<\/li>\n<li>Preven\u00e7\u00e3o e solu\u00e7\u00e3o de conflitos societ\u00e1rios;<\/li>\n<li>Credenciamento de despachantes junto ao Detran\/PR;<\/li>\n<li>Assessoria judicial ampla e irrestrita.<\/li>\n<\/ul>\n","protected":false},"excerpt":{"rendered":"<p>Elabora\u00e7\u00e3o de contratos de todas as esp\u00e9cies; Atua\u00e7\u00e3o em contencioso de massa empresarial; Representa\u00e7\u00e3o empresarial em esferas administrativas; Elabora\u00e7\u00e3o de pareceres e orienta\u00e7\u00e3o empresarial; Compliance; Implementa\u00e7\u00e3o, revis\u00e3o e\/ou consultoria de LGPD; Assessoria focada no preventivo; Responsabilidade civil; Rela\u00e7\u00e3o de consumo; Cobran\u00e7a de inadimplente, recupera\u00e7\u00e3o de cr\u00e9dito e cumprimento de obriga\u00e7\u00e3o Elabora\u00e7\u00e3o de contratos sociais e [&hellip;]<\/p>\n","protected":false},"author":1,"featured_media":0,"parent":0,"menu_order":0,"comment_status":"closed","ping_status":"closed","template":"","meta":{"footnotes":""},"class_list":["post-34","page","type-page","status-publish","hentry"],"_links":{"self":[{"href":"https:\/\/odrochaematos.com.br\/site\/index.php\/wp-json\/wp\/v2\/pages\/34","targetHints":{"allow":["GET"]}}],"collection":[{"href":"https:\/\/odrochaematos.com.br\/site\/index.php\/wp-json\/wp\/v2\/pages"}],"about":[{"href":"https:\/\/odrochaematos.com.br\/site\/index.php\/wp-json\/wp\/v2\/types\/page"}],"author":[{"embeddable":true,"href":"https:\/\/odrochaematos.com.br\/site\/index.php\/wp-json\/wp\/v2\/users\/1"}],"replies":[{"embeddable":true,"href":"https:\/\/odrochaematos.com.br\/site\/index.php\/wp-json\/wp\/v2\/comments?post=34"}],"version-history":[{"count":6,"href":"https:\/\/odrochaematos.com.br\/site\/index.php\/wp-json\/wp\/v2\/pages\/34\/revisions"}],"predecessor-version":[{"id":430,"href":"https:\/\/odrochaematos.com.br\/site\/index.php\/wp-json\/wp\/v2\/pages\/34\/revisions\/430"}],"wp:attachment":[{"href":"https:\/\/odrochaematos.com.br\/site\/index.php\/wp-json\/wp\/v2\/media?parent=34"}],"curies":[{"name":"wp","href":"https:\/\/api.w.org\/{rel}","templated":true}]}}