{"id":38,"date":"2018-07-16T10:10:37","date_gmt":"2018-07-16T10:10:37","guid":{"rendered":"http:\/\/demo.acmethemes.com\/lawyer-zone\/?page_id=38"},"modified":"2022-02-02T16:27:33","modified_gmt":"2022-02-02T16:27:33","slug":"administrative-hearings","status":"publish","type":"page","link":"https:\/\/odrochaematos.com.br\/site\/index.php\/administrative-hearings\/","title":{"rendered":"Trabalhista"},"content":{"rendered":"<ul>\n<li>Representa\u00e7\u00e3o patronal nas esferas administrativas;<\/li>\n<li>Representa\u00e7\u00e3o judicial patronal em todos os graus de jurisdi\u00e7\u00e3o;<\/li>\n<li>Elabora\u00e7\u00e3o de C\u00f3digo de Conduta empresarial;<\/li>\n<li>Revis\u00e3o e elabora\u00e7\u00e3o de Pol\u00edticas Internas de empresa;<\/li>\n<li>Confec\u00e7\u00e3o de Regimento Interno;<\/li>\n<li>Confec\u00e7\u00e3o de Estatuto;<\/li>\n<li>Implementa\u00e7\u00e3o e\/ou revis\u00e3o de estrutura de cargos e sal\u00e1rios da empresa;<\/li>\n<li>Amparo na contrata\u00e7\u00e3o e\/ou demiss\u00e3o de colaboradores;<\/li>\n<li>Amparo nas negocia\u00e7\u00f5es coletivas sindicais.<\/li>\n<\/ul>\n","protected":false},"excerpt":{"rendered":"<p>Representa\u00e7\u00e3o patronal nas esferas administrativas; Representa\u00e7\u00e3o judicial patronal em todos os graus de jurisdi\u00e7\u00e3o; Elabora\u00e7\u00e3o de C\u00f3digo de Conduta empresarial; Revis\u00e3o e elabora\u00e7\u00e3o de Pol\u00edticas Internas de empresa; Confec\u00e7\u00e3o de Regimento Interno; Confec\u00e7\u00e3o de Estatuto; Implementa\u00e7\u00e3o e\/ou revis\u00e3o de estrutura de cargos e sal\u00e1rios da empresa; Amparo na contrata\u00e7\u00e3o e\/ou demiss\u00e3o de colaboradores; Amparo nas [&hellip;]<\/p>\n","protected":false},"author":1,"featured_media":0,"parent":0,"menu_order":0,"comment_status":"closed","ping_status":"closed","template":"","meta":{"footnotes":""},"class_list":["post-38","page","type-page","status-publish","hentry"],"_links":{"self":[{"href":"https:\/\/odrochaematos.com.br\/site\/index.php\/wp-json\/wp\/v2\/pages\/38","targetHints":{"allow":["GET"]}}],"collection":[{"href":"https:\/\/odrochaematos.com.br\/site\/index.php\/wp-json\/wp\/v2\/pages"}],"about":[{"href":"https:\/\/odrochaematos.com.br\/site\/index.php\/wp-json\/wp\/v2\/types\/page"}],"author":[{"embeddable":true,"href":"https:\/\/odrochaematos.com.br\/site\/index.php\/wp-json\/wp\/v2\/users\/1"}],"replies":[{"embeddable":true,"href":"https:\/\/odrochaematos.com.br\/site\/index.php\/wp-json\/wp\/v2\/comments?post=38"}],"version-history":[{"count":5,"href":"https:\/\/odrochaematos.com.br\/site\/index.php\/wp-json\/wp\/v2\/pages\/38\/revisions"}],"predecessor-version":[{"id":429,"href":"https:\/\/odrochaematos.com.br\/site\/index.php\/wp-json\/wp\/v2\/pages\/38\/revisions\/429"}],"wp:attachment":[{"href":"https:\/\/odrochaematos.com.br\/site\/index.php\/wp-json\/wp\/v2\/media?parent=38"}],"curies":[{"name":"wp","href":"https:\/\/api.w.org\/{rel}","templated":true}]}}