{"id":78,"date":"2018-07-16T10:30:37","date_gmt":"2018-07-16T10:30:37","guid":{"rendered":"http:\/\/demo.acmethemes.com\/lawyer-zone\/?page_id=78"},"modified":"2022-02-02T16:16:05","modified_gmt":"2022-02-02T16:16:05","slug":"what-types-of-lawyers-are-in-the-lawyer-zone-network","status":"publish","type":"page","link":"https:\/\/odrochaematos.com.br\/site\/index.php\/what-types-of-lawyers-are-in-the-lawyer-zone-network\/","title":{"rendered":"\u00c9 verdade ou mito que o consumidor sempre tem raz\u00e3o?"},"content":{"rendered":"<p style=\"text-align: justify;\">Mito. O consumidor poder\u00e1 ou n\u00e3o ter raz\u00e3o, de acordo com o caso concreto. Todavia, os riscos do neg\u00f3cio s\u00e3o sempre percept\u00edveis e podem ser eliminados. O que fundamenta ou n\u00e3o a raz\u00e3o do consumidor, \u00e9 a justamente a falha na comercializa\u00e7\u00e3o e ou presta\u00e7\u00e3o de servi\u00e7os da empresa.<\/p>\n","protected":false},"excerpt":{"rendered":"<p>Mito. O consumidor poder\u00e1 ou n\u00e3o ter raz\u00e3o, de acordo com o caso concreto. Todavia, os riscos do neg\u00f3cio s\u00e3o sempre percept\u00edveis e podem ser eliminados. O que fundamenta ou n\u00e3o a raz\u00e3o do consumidor, \u00e9 a justamente a falha na comercializa\u00e7\u00e3o e ou presta\u00e7\u00e3o de servi\u00e7os da empresa.<\/p>\n","protected":false},"author":1,"featured_media":0,"parent":0,"menu_order":0,"comment_status":"closed","ping_status":"closed","template":"","meta":{"footnotes":""},"class_list":["post-78","page","type-page","status-publish","hentry"],"_links":{"self":[{"href":"https:\/\/odrochaematos.com.br\/site\/index.php\/wp-json\/wp\/v2\/pages\/78","targetHints":{"allow":["GET"]}}],"collection":[{"href":"https:\/\/odrochaematos.com.br\/site\/index.php\/wp-json\/wp\/v2\/pages"}],"about":[{"href":"https:\/\/odrochaematos.com.br\/site\/index.php\/wp-json\/wp\/v2\/types\/page"}],"author":[{"embeddable":true,"href":"https:\/\/odrochaematos.com.br\/site\/index.php\/wp-json\/wp\/v2\/users\/1"}],"replies":[{"embeddable":true,"href":"https:\/\/odrochaematos.com.br\/site\/index.php\/wp-json\/wp\/v2\/comments?post=78"}],"version-history":[{"count":3,"href":"https:\/\/odrochaematos.com.br\/site\/index.php\/wp-json\/wp\/v2\/pages\/78\/revisions"}],"predecessor-version":[{"id":427,"href":"https:\/\/odrochaematos.com.br\/site\/index.php\/wp-json\/wp\/v2\/pages\/78\/revisions\/427"}],"wp:attachment":[{"href":"https:\/\/odrochaematos.com.br\/site\/index.php\/wp-json\/wp\/v2\/media?parent=78"}],"curies":[{"name":"wp","href":"https:\/\/api.w.org\/{rel}","templated":true}]}}