{"id":80,"date":"2018-07-16T10:30:50","date_gmt":"2018-07-16T10:30:50","guid":{"rendered":"http:\/\/demo.acmethemes.com\/lawyer-zone\/?page_id=80"},"modified":"2022-02-02T16:14:24","modified_gmt":"2022-02-02T16:14:24","slug":"are-there-any-other-requirements-for-participating-in-the-network","status":"publish","type":"page","link":"https:\/\/odrochaematos.com.br\/site\/index.php\/are-there-any-other-requirements-for-participating-in-the-network\/","title":{"rendered":"O que \u00e9 LGPD? Devo me adequar?"},"content":{"rendered":"<p style=\"text-align: justify;\">LGPD \u00e9 a sigla de Lei Geral de Prote\u00e7\u00e3o de Dados. Trata-se de uma legisla\u00e7\u00e3o vigente que regulamenta as atividades de tratamento de dados pessoais. Em suma, o vazamento e\/ou mal uso de informa\u00e7\u00f5es e dados pode resultar em um catastr\u00f3fico passivo financeiro a empresa. Desse modo, \u00e9 imprescind\u00edvel a implementa\u00e7\u00e3o da LGPD na sua empresa.<\/p>\n","protected":false},"excerpt":{"rendered":"<p>LGPD \u00e9 a sigla de Lei Geral de Prote\u00e7\u00e3o de Dados. Trata-se de uma legisla\u00e7\u00e3o vigente que regulamenta as atividades de tratamento de dados pessoais. Em suma, o vazamento e\/ou mal uso de informa\u00e7\u00f5es e dados pode resultar em um catastr\u00f3fico passivo financeiro a empresa. Desse modo, \u00e9 imprescind\u00edvel a implementa\u00e7\u00e3o da LGPD na sua [&hellip;]<\/p>\n","protected":false},"author":1,"featured_media":0,"parent":0,"menu_order":0,"comment_status":"closed","ping_status":"closed","template":"","meta":{"footnotes":""},"class_list":["post-80","page","type-page","status-publish","hentry"],"_links":{"self":[{"href":"https:\/\/odrochaematos.com.br\/site\/index.php\/wp-json\/wp\/v2\/pages\/80","targetHints":{"allow":["GET"]}}],"collection":[{"href":"https:\/\/odrochaematos.com.br\/site\/index.php\/wp-json\/wp\/v2\/pages"}],"about":[{"href":"https:\/\/odrochaematos.com.br\/site\/index.php\/wp-json\/wp\/v2\/types\/page"}],"author":[{"embeddable":true,"href":"https:\/\/odrochaematos.com.br\/site\/index.php\/wp-json\/wp\/v2\/users\/1"}],"replies":[{"embeddable":true,"href":"https:\/\/odrochaematos.com.br\/site\/index.php\/wp-json\/wp\/v2\/comments?post=80"}],"version-history":[{"count":3,"href":"https:\/\/odrochaematos.com.br\/site\/index.php\/wp-json\/wp\/v2\/pages\/80\/revisions"}],"predecessor-version":[{"id":425,"href":"https:\/\/odrochaematos.com.br\/site\/index.php\/wp-json\/wp\/v2\/pages\/80\/revisions\/425"}],"wp:attachment":[{"href":"https:\/\/odrochaematos.com.br\/site\/index.php\/wp-json\/wp\/v2\/media?parent=80"}],"curies":[{"name":"wp","href":"https:\/\/api.w.org\/{rel}","templated":true}]}}