{"id":82,"date":"2018-07-16T10:31:02","date_gmt":"2018-07-16T10:31:02","guid":{"rendered":"http:\/\/demo.acmethemes.com\/lawyer-zone\/?page_id=82"},"modified":"2022-02-02T16:16:51","modified_gmt":"2022-02-02T16:16:51","slug":"what-types-of-clients-use-lawyer-zone","status":"publish","type":"page","link":"https:\/\/odrochaematos.com.br\/site\/index.php\/what-types-of-clients-use-lawyer-zone\/","title":{"rendered":"Quanto custa uma assessoria preventiva?"},"content":{"rendered":"<p style=\"text-align: justify;\">Os custos s\u00e3o vari\u00e1veis e depender\u00e3o de an\u00e1lise de caso. O mais recomendado \u00e9 que a assessoria jur\u00eddica preventiva da empresa seja permanente e mensal, de modo a implementar um plano de integridade e <em>compliance <\/em>e, posteriormente, defender os interesses do neg\u00f3cio, atrav\u00e9s de representa\u00e7\u00e3o em a\u00e7\u00f5es judiciais, consultorias di\u00e1rias sobre situa\u00e7\u00f5es cotidianas e pontuais, bem como altera\u00e7\u00f5es mais abrangentes do neg\u00f3cio.<\/p>\n","protected":false},"excerpt":{"rendered":"<p>Os custos s\u00e3o vari\u00e1veis e depender\u00e3o de an\u00e1lise de caso. O mais recomendado \u00e9 que a assessoria jur\u00eddica preventiva da empresa seja permanente e mensal, de modo a implementar um plano de integridade e compliance e, posteriormente, defender os interesses do neg\u00f3cio, atrav\u00e9s de representa\u00e7\u00e3o em a\u00e7\u00f5es judiciais, consultorias di\u00e1rias sobre situa\u00e7\u00f5es cotidianas e pontuais, [&hellip;]<\/p>\n","protected":false},"author":1,"featured_media":0,"parent":0,"menu_order":0,"comment_status":"closed","ping_status":"closed","template":"","meta":{"footnotes":""},"class_list":["post-82","page","type-page","status-publish","hentry"],"_links":{"self":[{"href":"https:\/\/odrochaematos.com.br\/site\/index.php\/wp-json\/wp\/v2\/pages\/82","targetHints":{"allow":["GET"]}}],"collection":[{"href":"https:\/\/odrochaematos.com.br\/site\/index.php\/wp-json\/wp\/v2\/pages"}],"about":[{"href":"https:\/\/odrochaematos.com.br\/site\/index.php\/wp-json\/wp\/v2\/types\/page"}],"author":[{"embeddable":true,"href":"https:\/\/odrochaematos.com.br\/site\/index.php\/wp-json\/wp\/v2\/users\/1"}],"replies":[{"embeddable":true,"href":"https:\/\/odrochaematos.com.br\/site\/index.php\/wp-json\/wp\/v2\/comments?post=82"}],"version-history":[{"count":3,"href":"https:\/\/odrochaematos.com.br\/site\/index.php\/wp-json\/wp\/v2\/pages\/82\/revisions"}],"predecessor-version":[{"id":428,"href":"https:\/\/odrochaematos.com.br\/site\/index.php\/wp-json\/wp\/v2\/pages\/82\/revisions\/428"}],"wp:attachment":[{"href":"https:\/\/odrochaematos.com.br\/site\/index.php\/wp-json\/wp\/v2\/media?parent=82"}],"curies":[{"name":"wp","href":"https:\/\/api.w.org\/{rel}","templated":true}]}}